{"id":213,"date":"2022-07-02T14:26:26","date_gmt":"2022-07-02T14:26:26","guid":{"rendered":"https:\/\/www.hatueyproject.org\/?page_id=213"},"modified":"2023-06-28T20:00:59","modified_gmt":"2023-06-28T20:00:59","slug":"contact-us","status":"publish","type":"page","link":"https:\/\/www.hatueyproject.org\/es\/contact-us\/","title":{"rendered":"CONT\u00c1CTENOS"},"content":{"rendered":"<p>\u00a1Hola! Damos la bienvenida a las y los voluntarios que deseen ayudar, con solicitudes a proveedores m\u00e9dicos y compa\u00f1\u00edas farmac\u00e9uticas, as\u00ed como donaciones, que tambi\u00e9n son muy importantes para el \u00e9xito de nuestro proyecto. Las necesidades de medicamentos y equipos en Cuba son grandes, debido al bloqueo econ\u00f3mico y financiero de Estados Unidos y las dificultades provocadas por la pandemia de COVID-19. Ofrecemos ponentes sobre la situaci\u00f3n en Cuba y c\u00f3mo las personas pueden ayudar a extender la solidaridad material al pueblo cubano.<\/p>\n\n\n\n<p>Si usted desea ayudar, p\u00f3ngase en contacto con nosotros:<\/p>\n\n\n\n<div class=\"wp-block-columns is-layout-flex wp-container-core-columns-layout-1 wp-block-columns-is-layout-flex\">\n<div class=\"wp-block-column is-layout-flow wp-block-column-is-layout-flow\">\n<p>Tel: <a href=\"tel:4156058477\">415-605-8477<\/a><\/p>\n\n\n\n<p>Correo electr\u00f3nico: <a href=\"mailto:info@hatueyproject.org\">info@hatueyproject.org<\/a>  <\/p>\n\n\n\n<p>Oficina: Proyecto Hatuey<br>\n<span style=\"padding-left: 3em;\">2969 Mission St.<\/span><br>\n<span style=\"padding-left: 3em;\">San Francisco, CA 94110<\/span><\/p>\n<\/div>\n\n\n\n<div class=\"wp-block-column is-layout-flow wp-block-column-is-layout-flow\">\n<p>Twitter: <a href=\"https:\/\/twitter.com\/HatueyProject\">@HatueyProject<\/a>  <\/p>\n\n\n\n<p>Instagram: <a href=\"https:\/\/www.instagram.com\/HatueyProject\/\">@HatueyProject<\/a>  <\/p>\n\n\n\n<p>Facebook: <a href=\"https:\/\/www.facebook.com\/HatueyProject\">@HatueyProject<\/a>  <\/p>\n<\/div>\n<\/div>\n\n\n\n<!-- Begin Constant Contact Inline Form Code -->\n<div class=\"ctct-inline-form\" data-form-id=\"5221f62c-81bf-4ee4-b68c-ebe1b05b350f\"><\/div>\n<!-- End Constant Contact Inline Form Code -->\n<!-- Begin Constant Contact Active Forms -->\n<script> var _ctct_m = \"4cbde3f215406693998858c9f5ad3e6e\"; <\/script>\n<script id=\"signupScript\" src=\"\/\/static.ctctcdn.com\/js\/signup-form-widget\/current\/signup-form-widget.min.js\" async=\"\" defer=\"\"><\/script>\n<!-- End Constant Contact Active Forms -->","protected":false},"excerpt":{"rendered":"<p>Hello! We welcome&nbsp;volunteers who would like to help with solicitations to medical providers and pharmaceutical companies, as well as donations, which are also very important for our project&#8217;s success. The&#8230;<\/p>","protected":false},"author":3,"featured_media":0,"parent":0,"menu_order":0,"comment_status":"closed","ping_status":"closed","template":"","meta":{"_EventAllDay":false,"_EventTimezone":"","_EventStartDate":"","_EventEndDate":"","_EventStartDateUTC":"","_EventEndDateUTC":"","_EventShowMap":false,"_EventShowMapLink":false,"_EventURL":"","_EventCost":"","_EventCostDescription":"","_EventCurrencySymbol":"","_EventCurrencyCode":"","_EventCurrencyPosition":"","_EventDateTimeSeparator":"","_EventTimeRangeSeparator":"","_EventOrganizerID":[],"_EventVenueID":[],"_OrganizerEmail":"","_OrganizerPhone":"","_OrganizerWebsite":"","_VenueAddress":"","_VenueCity":"","_VenueCountry":"","_VenueProvince":"","_VenueState":"","_VenueZip":"","_VenuePhone":"","_VenueURL":"","_VenueStateProvince":"","_VenueLat":"","_VenueLng":"","_VenueShowMap":false,"_VenueShowMapLink":false,"_kad_post_transparent":"","_kad_post_title":"","_kad_post_layout":"","_kad_post_sidebar_id":"","_kad_post_content_style":"","_kad_post_vertical_padding":"","_kad_post_feature":"","_kad_post_feature_position":"","_kad_post_header":false,"_kad_post_footer":false,"footnotes":""},"_links":{"self":[{"href":"https:\/\/www.hatueyproject.org\/es\/wp-json\/wp\/v2\/pages\/213"}],"collection":[{"href":"https:\/\/www.hatueyproject.org\/es\/wp-json\/wp\/v2\/pages"}],"about":[{"href":"https:\/\/www.hatueyproject.org\/es\/wp-json\/wp\/v2\/types\/page"}],"author":[{"embeddable":true,"href":"https:\/\/www.hatueyproject.org\/es\/wp-json\/wp\/v2\/users\/3"}],"replies":[{"embeddable":true,"href":"https:\/\/www.hatueyproject.org\/es\/wp-json\/wp\/v2\/comments?post=213"}],"version-history":[{"count":5,"href":"https:\/\/www.hatueyproject.org\/es\/wp-json\/wp\/v2\/pages\/213\/revisions"}],"predecessor-version":[{"id":703,"href":"https:\/\/www.hatueyproject.org\/es\/wp-json\/wp\/v2\/pages\/213\/revisions\/703"}],"wp:attachment":[{"href":"https:\/\/www.hatueyproject.org\/es\/wp-json\/wp\/v2\/media?parent=213"}],"curies":[{"name":"wp","href":"https:\/\/api.w.org\/{rel}","templated":true}]}}