{"id":39,"date":"2022-06-03T18:59:34","date_gmt":"2022-06-03T18:59:34","guid":{"rendered":"http:\/\/www.hatueyproject.org\/?page_id=39"},"modified":"2025-11-13T18:01:00","modified_gmt":"2025-11-13T18:01:00","slug":"donate","status":"publish","type":"page","link":"https:\/\/www.hatueyproject.org\/es\/donate\/","title":{"rendered":"Donar"},"content":{"rendered":"<h2 class=\"wp-block-heading has-text-align-center has-black-color has-text-color\" style=\"font-size:32px;text-transform:capitalize\">Ayudar a financiar los proyectos de ayuda m\u00e9dica de Hatuey Project<\/h2>\n\n\n\n<p>Todas las donaciones son deducibles de impuestos seg\u00fan lo dispuesto por la ley.<\/p>\n\n\n\n<p><strong>Donar con tarjeta de cr\u00e9dito:<\/strong><\/p>\n\n\n\n<iframe\nsrc=\"https:\/\/www.paypal.com\/giving\/campaigns?campaign_id=TTHCXPUSCLCU4\"\ntitle=\"PayPal donate campaign card\"\nframeborder=\"0\"\nwidth=\"382height=550scrolling=\"no\"\">\n<\/iframe>\n\n\n\n\n\n<p>El Proyecto Hatuey es un proyecto de The People's Forum, una organizaci\u00f3n ben\u00e9fica p\u00fablica sin fines de lucro exenta del impuesto federal sobre la renta seg\u00fan la Secci\u00f3n 501(c)(3) del C\u00f3digo de Rentas Internas; como tal, todas las donaciones son deducibles de impuestos. Todos los ingresos se destinan a proporcionar ayuda material. El Proyecto Hatuey entrega los medicamentos a trav\u00e9s de licencias de exportaci\u00f3n otorgadas por el Departamento de Comercio de Estados Unidos.<\/p>\n\n\n\n<p><strong>Donar a trav\u00e9s de cheque:<\/strong><\/p>\n\n\n\n<p>Si desea donar mediante cheque, h\u00e1galo a nombre de \u201cThe People\u2019s Forum \/ The Hatuey Project\u201d y env\u00edelo por correo a nuestro patrocinador fiscal a:<\/p>\n\n\n\n<p>The People&#8217;s Forum \/ The Hatuey Project<br>320 West 37th Street<br>New York, NY 10018<\/p>\n\n\n\n<p class=\"has-text-align-left\">If you want to write something in the memo field, please write &#8220;Hatuey Project&#8221;<\/p>\n\n\n\n<p><\/p>\n\n\n\n<p class=\"has-text-align-center\"><a href=\"https:\/\/www.hatueyproject.org\/es\/contact-us\/\">Comun\u00edquese con nosotros<\/a> para recibir instrucciones si desea donar mediante transferencia bancaria.<\/p>","protected":false},"excerpt":{"rendered":"<p>Help fund The Hatuey Project&#8217;s Medical Aid Projects All donations are tax deductible as provided by law. Donate Via Credit Card: The Hatuey Project is a project of The People\u2019s&#8230;<\/p>","protected":false},"author":1,"featured_media":0,"parent":0,"menu_order":0,"comment_status":"closed","ping_status":"closed","template":"","meta":{"_EventAllDay":false,"_EventTimezone":"","_EventStartDate":"","_EventEndDate":"","_EventStartDateUTC":"","_EventEndDateUTC":"","_EventShowMap":false,"_EventShowMapLink":false,"_EventURL":"","_EventCost":"","_EventCostDescription":"","_EventCurrencySymbol":"","_EventCurrencyCode":"","_EventCurrencyPosition":"","_EventDateTimeSeparator":"","_EventTimeRangeSeparator":"","_EventOrganizerID":[],"_EventVenueID":[],"_OrganizerEmail":"","_OrganizerPhone":"","_OrganizerWebsite":"","_VenueAddress":"","_VenueCity":"","_VenueCountry":"","_VenueProvince":"","_VenueState":"","_VenueZip":"","_VenuePhone":"","_VenueURL":"","_VenueStateProvince":"","_VenueLat":"","_VenueLng":"","_VenueShowMap":false,"_VenueShowMapLink":false,"_kad_post_transparent":"","_kad_post_title":"","_kad_post_layout":"","_kad_post_sidebar_id":"","_kad_post_content_style":"","_kad_post_vertical_padding":"","_kad_post_feature":"","_kad_post_feature_position":"","_kad_post_header":false,"_kad_post_footer":false,"footnotes":""},"_links":{"self":[{"href":"https:\/\/www.hatueyproject.org\/es\/wp-json\/wp\/v2\/pages\/39"}],"collection":[{"href":"https:\/\/www.hatueyproject.org\/es\/wp-json\/wp\/v2\/pages"}],"about":[{"href":"https:\/\/www.hatueyproject.org\/es\/wp-json\/wp\/v2\/types\/page"}],"author":[{"embeddable":true,"href":"https:\/\/www.hatueyproject.org\/es\/wp-json\/wp\/v2\/users\/1"}],"replies":[{"embeddable":true,"href":"https:\/\/www.hatueyproject.org\/es\/wp-json\/wp\/v2\/comments?post=39"}],"version-history":[{"count":64,"href":"https:\/\/www.hatueyproject.org\/es\/wp-json\/wp\/v2\/pages\/39\/revisions"}],"predecessor-version":[{"id":1118,"href":"https:\/\/www.hatueyproject.org\/es\/wp-json\/wp\/v2\/pages\/39\/revisions\/1118"}],"wp:attachment":[{"href":"https:\/\/www.hatueyproject.org\/es\/wp-json\/wp\/v2\/media?parent=39"}],"curies":[{"name":"wp","href":"https:\/\/api.w.org\/{rel}","templated":true}]}}