{"id":62,"date":"2022-06-03T19:55:14","date_gmt":"2022-06-03T19:55:14","guid":{"rendered":"http:\/\/www.hatueyproject.org\/?page_id=62"},"modified":"2022-06-09T23:30:22","modified_gmt":"2022-06-09T23:30:22","slug":"who-is-hatuey","status":"publish","type":"page","link":"https:\/\/www.hatueyproject.org\/es\/who-is-hatuey\/","title":{"rendered":"Quien es Hatuey?"},"content":{"rendered":"<div class=\"wp-block-media-text alignwide has-media-on-the-right is-stacked-on-mobile\"><figure class=\"wp-block-media-text__media\"><img loading=\"lazy\" decoding=\"async\" width=\"736\" height=\"1024\" src=\"http:\/\/www.hatueyproject.org\/wp-content\/uploads\/2022\/06\/HATUEY-SITE-011-736x1024.png\" alt=\"Statue of Hatuey\" class=\"wp-image-74 size-large\" srcset=\"https:\/\/www.hatueyproject.org\/wp-content\/uploads\/2022\/06\/HATUEY-SITE-011-736x1024.png 736w, https:\/\/www.hatueyproject.org\/wp-content\/uploads\/2022\/06\/HATUEY-SITE-011-216x300.png 216w, https:\/\/www.hatueyproject.org\/wp-content\/uploads\/2022\/06\/HATUEY-SITE-011-768x1068.png 768w, https:\/\/www.hatueyproject.org\/wp-content\/uploads\/2022\/06\/HATUEY-SITE-011-1104x1536.png 1104w, https:\/\/www.hatueyproject.org\/wp-content\/uploads\/2022\/06\/HATUEY-SITE-011-1472x2048.png 1472w\" sizes=\"(max-width: 736px) 100vw, 736px\" \/><\/figure><div class=\"wp-block-media-text__content\">\n<p>El Proyecto Hatuey honra al cacique ta\u00edno Hatuey. Era de la isla que m\u00e1s tarde se convirti\u00f3 en Hispaniola. Despu\u00e9s de oponerse activamente a la crueldad de los colonizadores espa\u00f1oles contra los habitantes ind\u00edgenas, Hatuey organiz\u00f3 a 400 hombres que viajaron en canoa a Cuba para advertir a los habitantes de all\u00ed e instar a su resistencia a la crueldad genocida de los colonizadores espa\u00f1oles. Despu\u00e9s de luchar al estilo guerrillero contra los espa\u00f1oles, Hatuey fue capturado el 2 de febrero de 1512 y quemado en la hoguera. El sacerdote\/historiador Bartolom\u00e9 de las Casas escribi\u00f3 este relato:<\/p>\n\n\n\n<p>Cuando estaba atado a la hoguera, el cacique Hatuey fue informado por un fraile franciscano que estaba presente. . . algo sobre el Dios de los cristianos y de los art\u00edculos de fe. Y se le dijo lo que pod\u00eda hacer en el breve tiempo que le quedaba, para ser salvo e ir al cielo.<br><br>El cacique, que nunca antes hab\u00eda o\u00eddo nada de esto y le dijeron que ir\u00eda al Infierno donde, si no adoptaba la fe cristiana, sufrir\u00eda el tormento eterno, pregunt\u00f3 al fraile franciscano si todos los cristianos iban al cielo. Cuando le dijeron que s\u00ed, dijo que preferir\u00eda irse al infierno.<\/p>\n\n\n\n<p><strong>Cuba celebra hoy a Hatuey como el primer h\u00e9roe nacional y resistente al colonialismo.<\/strong><\/p>\n<\/div><\/div>","protected":false},"excerpt":{"rendered":"<p>The Hatuey Project honors the Ta\u00edno chief Hatuey. He was from the island that later became Hispaniola. After actively opposing the Spanish colonizer&#8217;s cruelty against the Indigenous inhabitants, Hatuey organized&#8230;<\/p>","protected":false},"author":1,"featured_media":0,"parent":0,"menu_order":0,"comment_status":"closed","ping_status":"closed","template":"","meta":{"_EventAllDay":false,"_EventTimezone":"","_EventStartDate":"","_EventEndDate":"","_EventStartDateUTC":"","_EventEndDateUTC":"","_EventShowMap":false,"_EventShowMapLink":false,"_EventURL":"","_EventCost":"","_EventCostDescription":"","_EventCurrencySymbol":"","_EventCurrencyCode":"","_EventCurrencyPosition":"","_EventDateTimeSeparator":"","_EventTimeRangeSeparator":"","_EventOrganizerID":[],"_EventVenueID":[],"_OrganizerEmail":"","_OrganizerPhone":"","_OrganizerWebsite":"","_VenueAddress":"","_VenueCity":"","_VenueCountry":"","_VenueProvince":"","_VenueState":"","_VenueZip":"","_VenuePhone":"","_VenueURL":"","_VenueStateProvince":"","_VenueLat":"","_VenueLng":"","_VenueShowMap":false,"_VenueShowMapLink":false,"_kad_post_transparent":"","_kad_post_title":"","_kad_post_layout":"","_kad_post_sidebar_id":"","_kad_post_content_style":"","_kad_post_vertical_padding":"","_kad_post_feature":"","_kad_post_feature_position":"","_kad_post_header":false,"_kad_post_footer":false,"footnotes":""},"_links":{"self":[{"href":"https:\/\/www.hatueyproject.org\/es\/wp-json\/wp\/v2\/pages\/62"}],"collection":[{"href":"https:\/\/www.hatueyproject.org\/es\/wp-json\/wp\/v2\/pages"}],"about":[{"href":"https:\/\/www.hatueyproject.org\/es\/wp-json\/wp\/v2\/types\/page"}],"author":[{"embeddable":true,"href":"https:\/\/www.hatueyproject.org\/es\/wp-json\/wp\/v2\/users\/1"}],"replies":[{"embeddable":true,"href":"https:\/\/www.hatueyproject.org\/es\/wp-json\/wp\/v2\/comments?post=62"}],"version-history":[{"count":5,"href":"https:\/\/www.hatueyproject.org\/es\/wp-json\/wp\/v2\/pages\/62\/revisions"}],"predecessor-version":[{"id":201,"href":"https:\/\/www.hatueyproject.org\/es\/wp-json\/wp\/v2\/pages\/62\/revisions\/201"}],"wp:attachment":[{"href":"https:\/\/www.hatueyproject.org\/es\/wp-json\/wp\/v2\/media?parent=62"}],"curies":[{"name":"wp","href":"https:\/\/api.w.org\/{rel}","templated":true}]}}