{"id":8,"date":"2022-06-03T16:58:18","date_gmt":"2022-06-03T16:58:18","guid":{"rendered":"http:\/\/www.hatueyproject.org\/?page_id=8"},"modified":"2026-02-09T22:11:22","modified_gmt":"2026-02-09T22:11:22","slug":"home","status":"publish","type":"page","link":"https:\/\/www.hatueyproject.org\/es\/","title":{"rendered":"\u00a0\u00a0"},"content":{"rendered":"<div class=\"wp-block-columns is-layout-flex wp-container-core-columns-layout-1 wp-block-columns-is-layout-flex\">\n<div class=\"wp-block-column is-layout-flow wp-block-column-is-layout-flow\" style=\"flex-basis:65%\">\n<div class=\"wp-block-group is-layout-flow wp-block-group-is-layout-flow\"><div class=\"wp-block-group__inner-container\">\n<h2 class=\"wp-block-heading has-text-align-center has-vivid-red-color has-text-color\" style=\"font-size:1.8em;text-transform:capitalize\"><strong>Support The Hatuey Project\u2019s campaign&nbsp;to provide&nbsp;medicines for Cuban children with leukemia and lymphoma<\/strong><\/h2>\n\n\n\n<div class=\"wp-block-buttons is-content-justification-center is-layout-flex wp-container-core-buttons-layout-1 wp-block-buttons-is-layout-flex\">\n<div class=\"wp-block-button has-custom-font-size is-style-fill\" style=\"font-size:1em\"><a class=\"wp-block-button__link has-white-color has-text-color has-background wp-element-button\" href=\"https:\/\/www.HatueyProject.org\/donate\" style=\"border-radius:30px;background-color:#2673ff\">DONE AHORA<\/a><\/div>\n<\/div>\n\n\n\n<figure class=\"wp-block-embed is-type-video is-provider-youtube wp-block-embed-youtube wp-embed-aspect-16-9 wp-has-aspect-ratio\"><div class=\"wp-block-embed__wrapper\">\n<iframe loading=\"lazy\" title=\"August 2024: Hatuey Project delivers more aid to Cuban children with cancer\" width=\"720\" height=\"405\" src=\"https:\/\/www.youtube.com\/embed\/RpAZMxivd-U?feature=oembed\" frameborder=\"0\" allow=\"accelerometer; autoplay; clipboard-write; encrypted-media; gyroscope; picture-in-picture; web-share\" referrerpolicy=\"strict-origin-when-cross-origin\" allowfullscreen><\/iframe>\n<\/div><figcaption class=\"wp-element-caption\"><em>Hatuey Project delegations delivered $75,000 worth of supplies to Cuba <a href=\"https:\/\/youtu.be\/uoHPTu0MFv0\">this May<\/a> and August<\/em> (above)<\/figcaption><\/figure>\n\n\n\n<p><strong>\u00bfSab\u00eda que la tasa de supervivencia a 5 a\u00f1os de la leucemia infantil es superior al 90 % con los medicamentos adecuados? El Proyecto Hatuey ha lanzado una nueva campa\u00f1a para recaudar $75,000 para proporcionar medicamentos a los ni\u00f1os cubanos con leucemia y otros tipos de c\u00e1ncer. As\u00ed podremos ayudar a los m\u00e9dicos cubanos a superar los efectos paralizantes del bloqueo estadounidense. Los ni\u00f1os cubanos y los m\u00e9dicos cubanos necesitan nuestra ayuda.<\/strong><\/p>\n\n\n\n<p><\/p>\n\n\n<div class=\"wp-block-image\">\n<figure class=\"aligncenter size-large is-resized\"><img loading=\"lazy\" decoding=\"async\" width=\"1024\" height=\"857\" src=\"https:\/\/www.hatueyproject.org\/wp-content\/uploads\/2023\/04\/Isabel-child-1-1024x857.jpg\" alt=\"\" class=\"wp-image-515\" style=\"width:499px;height:418px\" srcset=\"https:\/\/www.hatueyproject.org\/wp-content\/uploads\/2023\/04\/Isabel-child-1-1024x857.jpg 1024w, https:\/\/www.hatueyproject.org\/wp-content\/uploads\/2023\/04\/Isabel-child-1-300x251.jpg 300w, https:\/\/www.hatueyproject.org\/wp-content\/uploads\/2023\/04\/Isabel-child-1-768x643.jpg 768w, https:\/\/www.hatueyproject.org\/wp-content\/uploads\/2023\/04\/Isabel-child-1-1536x1286.jpg 1536w, https:\/\/www.hatueyproject.org\/wp-content\/uploads\/2023\/04\/Isabel-child-1-2048x1714.jpg 2048w, https:\/\/www.hatueyproject.org\/wp-content\/uploads\/2023\/04\/Isabel-child-1-14x12.jpg 14w\" sizes=\"(max-width: 1024px) 100vw, 1024px\" \/><\/figure><\/div>\n\n\n<p>Las condiciones en Cuba se han vuelto cada vez m\u00e1s dif\u00edciles en los \u00faltimos meses. Sesenta a\u00f1os de un bloqueo inhumano y dos a\u00f1os m\u00e1s de estar falsamente catalogado como \"patrocinador estatal del terrorismo\" por el Departamento de Estado de EE.UU. han resultado en una escasez grave de alimentos, combustible y medicamentos esenciales.<\/p>\n\n\n\n<p>Los organizadores del Proyecto Hatuey se reunieron recientemente con m\u00e9dicos y enfermeros cubanos en el Hospital Pedi\u00e1trico Juan Manuel M\u00e1rquez de La Habana, el Hospital Pedi\u00e1trico Jos\u00e9 Luis Miranda en Santa Clara y el Instituto de Hematolog\u00eda e Inmunolog\u00eda de La Habana, donde supimos que los m\u00e9dicos no pueden acceder a medicamentos y materiales muy necesarios debido al bloqueo estadounidense.<\/p>\n\n\n\n<p>A pesar de los incre\u00edbles avances m\u00e9dicos realizados por el sistema m\u00e9dico cubano, <strong>el Bloqueo de los Estados Unidos impide que los m\u00e9dicos accedan a medicamentos b\u00e1sicos que salvan la vida de los ni\u00f1os.<\/strong><\/p>\n\n\n\n<p>En este video el Dr. Jos\u00e9 Vald\u00e9s, director del departamento de oncolog\u00eda del Hospital Pedi\u00e1trico Juan Manuel M\u00e1rquez, cuenta los problemas que \u00e9l y sus pacientes enfrentan:<\/p>\n\n\n\n<figure class=\"wp-block-embed is-type-video is-provider-youtube wp-block-embed-youtube wp-embed-aspect-9-1 wp-embed-aspect-16-9 wp-has-aspect-ratio\"><div class=\"wp-block-embed__wrapper\">\n<iframe loading=\"lazy\" title=\"The Hatuey Project: Helping Cuban children with leukemia\" width=\"720\" height=\"405\" src=\"https:\/\/www.youtube.com\/embed\/zhkof4M6B6k?feature=oembed\" frameborder=\"0\" allow=\"accelerometer; autoplay; clipboard-write; encrypted-media; gyroscope; picture-in-picture; web-share\" referrerpolicy=\"strict-origin-when-cross-origin\" allowfullscreen><\/iframe>\n<\/div><\/figure>\n\n\n\n<blockquote class=\"wp-block-quote\" style=\"font-size:16px\">\n<p>Hay medicamentos que se pudieran comprar en terceros paises, pero como tienen algun componente americano, no se le permite al gobierno cubano comprarlos.<\/p>\n\n\n\n<p>Eso significa que a veces no tenemos los medicamentos ideales o indicados para la enfermedad espec\u00edfica del ni\u00f1o. Usamos una alternativa, que no da el mismo resultado. Son los ni\u00f1os los que pagan el precio de esta pol\u00edtica innecesaria. <strong>It is the children that pay the price for this needless policy.<\/strong><\/p>\n<\/blockquote>\n\n\n\n<p><strong>Mientras continuamos luchando para poner fin al bloqueo de los Estados Unidos contra Cuba y eliminar a Cuba de la lista de patrocinadores estatales del terrorismo, el pueblo de los Estados Unidos puede solidarizarse con el pueblo cubano a trav\u00e9s del apoyo material.<\/strong><\/p>\n\n\n\n<p><strong><a href=\"https:\/\/www.hatueyproject.org\/es\/donate\/\" data-type=\"page\" data-id=\"39\">Donar al Proyecto Hatuey<\/a>.<\/strong> The Hatuey Project is a project of The People\u2019s Forum, a non-profit public charity exempt from federal income tax under Section 501(c)(3) of the Internal Revenue Code; as such, all donations are tax-deductible. All proceeds go to providing material aid. The Hatuey Project delivers the medicines through export licenses granted by the U.S. Commerce Department.<\/p>\n\n\n\n<div class=\"wp-block-buttons is-content-justification-center is-layout-flex wp-container-core-buttons-layout-2 wp-block-buttons-is-layout-flex\">\n<div class=\"wp-block-button has-custom-font-size is-style-fill\" style=\"font-size:1em\"><a class=\"wp-block-button__link has-white-color has-text-color has-background wp-element-button\" href=\"https:\/\/www.HatueyProject.org\/donate\" style=\"border-radius:30px;background-color:#2673ff\">DONE AHORA<\/a><\/div>\n<\/div>\n\n\n\n<div class=\"wp-block-group is-layout-flow wp-block-group-is-layout-flow\"><div class=\"wp-block-group__inner-container\">\n<p><\/p>\n\n\n\n<p style=\"font-style:normal;font-weight:500\">En nombre del Proyecto Hatuey, le damos las gracias.<\/p>\n\n\n\n<p style=\"font-style:normal;font-weight:500\"><em>Gloria La Riva, Coordinadora, El Proyecto Hatuey<\/em><br><em>Nadia Marsh, MD, Profesora de Medicina Cl\u00ednica<br>Simon Ma, MD, MPH, Medicina Integral<\/em><br><em>Rachel Viqueira, MHS, Epidemi\u00f3loga<\/em><br><em>Leni Villag\u00f3mez Reeves, MD<\/em><br><em>Will Kohr, Enfermero<br>Andira Alves, Proyecto de Vivienda Asequible<\/em><\/p>\n<\/div><\/div>\n<\/div><\/div>\n<\/div>\n\n\n\n<div class=\"wp-block-column home-column-right is-layout-flow wp-block-column-is-layout-flow\" style=\"flex-basis:33%\">\n<p class=\"has-text-align-center\"><em><strong>Watch<\/strong> <strong>our new video!<\/strong><\/em><\/p>\n\n\n\n<figure class=\"wp-block-embed is-type-video is-provider-youtube wp-block-embed-youtube wp-embed-aspect-9-16 wp-has-aspect-ratio\"><div class=\"wp-block-embed__wrapper\">\n<iframe loading=\"lazy\" title=\"What is The Hatuey Project?\" width=\"720\" height=\"405\" src=\"https:\/\/www.youtube.com\/embed\/gUlphyA5CKY?feature=oembed\" frameborder=\"0\" allow=\"accelerometer; autoplay; clipboard-write; encrypted-media; gyroscope; picture-in-picture; web-share\" referrerpolicy=\"strict-origin-when-cross-origin\" allowfullscreen><\/iframe>\n<\/div><\/figure>\n\n\n\n<p class=\"has-text-align-center\"><em>Share this video on your social media using <\/em><a href=\"https:\/\/youtu.be\/gUlphyA5CKY\">this link<\/a><\/p>\n\n\n\n<p class=\"has-text-align-center\"><\/p>\n\n\n\n<h3 class=\"wp-block-heading has-black-color has-text-color\">\u00faltimas noticias<\/h3>\n\n\n<ul class=\"wp-block-latest-posts__list has-dates aligncenter wp-block-latest-posts\"><li><div class=\"wp-block-latest-posts__featured-image aligncenter\"><img loading=\"lazy\" decoding=\"async\" width=\"150\" height=\"150\" src=\"https:\/\/www.hatueyproject.org\/wp-content\/uploads\/2025\/11\/AlenaDouhanRapporteur-150x150.png\" class=\"attachment-thumbnail size-thumbnail wp-post-image\" alt=\"Alena Douhan\" style=\"\" \/><\/div><a class=\"wp-block-latest-posts__post-title\" href=\"https:\/\/www.hatueyproject.org\/es\/news\/un-special-rapporteur-recognizes-impact-of-u-s-policy-against-cuba\/\">ONU: Pol\u00edtica de EEUU contra Cuba lacera derechos humanos<\/a><time datetime=\"2025-11-22T19:41:27+00:00\" class=\"wp-block-latest-posts__post-date\">noviembre 22, 2025<\/time><\/li>\n<li><div class=\"wp-block-latest-posts__featured-image aligncenter\"><img loading=\"lazy\" decoding=\"async\" width=\"150\" height=\"150\" src=\"https:\/\/www.hatueyproject.org\/wp-content\/uploads\/2025\/11\/UN-Rapporteur-150x150.png\" class=\"attachment-thumbnail size-thumbnail wp-post-image\" alt=\"\" style=\"\" \/><\/div><a class=\"wp-block-latest-posts__post-title\" href=\"https:\/\/www.hatueyproject.org\/es\/news\/hatuey-report-to-the-u-n\/\">EL PROYECTO HATUEY PRESENTA SU INFORME A LA ONU<\/a><time datetime=\"2025-11-21T16:38:11+00:00\" class=\"wp-block-latest-posts__post-date\">noviembre 21, 2025<\/time><\/li>\n<li><div class=\"wp-block-latest-posts__featured-image aligncenter\"><img loading=\"lazy\" decoding=\"async\" width=\"150\" height=\"150\" src=\"https:\/\/www.hatueyproject.org\/wp-content\/uploads\/2025\/03\/KPFA-150x150.png\" class=\"attachment-thumbnail size-thumbnail wp-post-image\" alt=\"\" style=\"\" \/><\/div><a class=\"wp-block-latest-posts__post-title\" href=\"https:\/\/www.hatueyproject.org\/es\/news\/richard-becker-interviewed-on-kpfa\/\">Richard Becker interviewed on KPFA<\/a><time datetime=\"2025-03-08T17:30:50+00:00\" class=\"wp-block-latest-posts__post-date\">marzo 8, 2025<\/time><\/li>\n<li><div class=\"wp-block-latest-posts__featured-image aligncenter\"><img loading=\"lazy\" decoding=\"async\" width=\"150\" height=\"150\" src=\"https:\/\/www.hatueyproject.org\/wp-content\/uploads\/2024\/10\/GLR-RadioMiami-241019-150x150.png\" class=\"attachment-thumbnail size-thumbnail wp-post-image\" alt=\"\" style=\"\" \/><\/div><a class=\"wp-block-latest-posts__post-title\" href=\"https:\/\/www.hatueyproject.org\/es\/news\/desde-eu-y-por-cuba-al-habla-con-gloria-la-riva-cordinadora-del-proyecto-hatuey\/\">Desde EU y Por CUBA al habla con Gloria La Riva Cordinadora del Proyecto Hatuey<\/a><time datetime=\"2024-10-20T21:49:21+00:00\" class=\"wp-block-latest-posts__post-date\">octubre 20, 2024<\/time><\/li>\n<li><div class=\"wp-block-latest-posts__featured-image aligncenter\"><img loading=\"lazy\" decoding=\"async\" width=\"150\" height=\"150\" src=\"https:\/\/www.hatueyproject.org\/wp-content\/uploads\/2024\/05\/HatueyMay1-150x150.jpg\" class=\"attachment-thumbnail size-thumbnail wp-post-image\" alt=\"\" style=\"\" srcset=\"https:\/\/www.hatueyproject.org\/wp-content\/uploads\/2024\/05\/HatueyMay1-150x150.jpg 150w, https:\/\/www.hatueyproject.org\/wp-content\/uploads\/2024\/05\/HatueyMay1-285x285.jpg 285w\" sizes=\"(max-width: 150px) 100vw, 150px\" \/><\/div><a class=\"wp-block-latest-posts__post-title\" href=\"https:\/\/www.hatueyproject.org\/es\/news\/u-s-activists-deliver-60000-in-medical-aid-to-cuban-children-with-cancer\/\">Activistas estadounidenses entregan 60.000 d\u00f3lares en ayuda m\u00e9dica para ni\u00f1os cubanos con c\u00e1ncer<\/a><time datetime=\"2024-05-29T20:00:45+00:00\" class=\"wp-block-latest-posts__post-date\">mayo 29, 2024<\/time><\/li>\n<\/ul><\/div>\n<\/div>\n\n\n\n<div class=\"wp-block-columns is-layout-flex wp-container-core-columns-layout-2 wp-block-columns-is-layout-flex\">\n<div class=\"wp-block-column is-layout-flow wp-block-column-is-layout-flow\" style=\"flex-basis:66.66%\">\n<hr class=\"wp-block-separator has-alpha-channel-opacity\"\/>\n\n\n\n<h1 class=\"wp-block-heading\" style=\"text-transform:capitalize\">Sobre el Proyecto Hatuey<\/h1>\n\n\n\n<p>Somos proveedores de salud y activistas por la justicia social preocupados por los efectos nocivos del bloqueo econ\u00f3mico de Estados Unidos a Cuba. Hemos inaugurado este proyecto de ayuda m\u00e9dica para solidarizarnos con el pueblo cubano, con la adquisici\u00f3n de medicamentos vitales y equipo m\u00e9dico.<\/p>\n\n\n\n<p>Cuba ya ha demostrado que sus notables sistemas de atenci\u00f3n de la salud y cient\u00edfico\/biotecnol\u00f3gicos son plenamente capaces de atender a los m\u00e1s de 11 millones de habitantes de la isla, brindando atenci\u00f3n de excelente calidad, universal y gratuita para todos. Pero m\u00e1s de 240 medidas de la administraci\u00f3n Trump que le dieron m\u00e1s vueltas al pueblo de Cuba \u2014en medio de la pandemia de la COVID-19\u2014 han creado una situaci\u00f3n verdaderamente dif\u00edcil para el pueblo. Ya hemos participado en la entrega directa de medicamentos vitales durante el \u00faltimo a\u00f1o y nuestro objetivo es hacer mucho m\u00e1s.<\/p>\n\n\n\n<p>Lo invitamos a unirse a nuestro proyecto de cualquier manera que pueda: con su contribuci\u00f3n monetaria, as\u00ed como tambi\u00e9n ayudando a obtener importantes donaciones de proveedores farmac\u00e9uticos y m\u00e9dicos. Somos totalmente voluntarios; todas las donaciones que recibamos ir\u00e1n destinadas estrictamente a adquirir ayuda m\u00e9dica. Los gastos de env\u00edo se mantendr\u00e1n al m\u00ednimo posible. El Proyecto Hatuey est\u00e1 patrocinado fiscalmente por Alliance For Global Justice, por lo que todas las donaciones son deducibles de impuestos. \u00a1\u00danase a nuestro esfuerzo hoy!<\/p>\n<\/div>\n\n\n\n<div class=\"wp-block-column is-layout-flow wp-block-column-is-layout-flow\" style=\"flex-basis:33.33%\">\n<div style=\"height:195px\" aria-hidden=\"true\" class=\"wp-block-spacer\"><\/div>\n\n\n<div class=\"wp-block-image\">\n<figure class=\"aligncenter size-full\"><img loading=\"lazy\" decoding=\"async\" width=\"256\" height=\"256\" src=\"https:\/\/www.hatueyproject.org\/wp-content\/uploads\/2022\/08\/Hatuey_Small.png\" alt=\"\" class=\"wp-image-276\" srcset=\"https:\/\/www.hatueyproject.org\/wp-content\/uploads\/2022\/08\/Hatuey_Small.png 256w, https:\/\/www.hatueyproject.org\/wp-content\/uploads\/2022\/08\/Hatuey_Small-150x150.png 150w, https:\/\/www.hatueyproject.org\/wp-content\/uploads\/2022\/08\/Hatuey_Small-12x12.png 12w\" sizes=\"(max-width: 256px) 100vw, 256px\" \/><\/figure><\/div>\n\n\n<h2 class=\"wp-block-heading has-text-align-center WhoIsHatuey has-black-color has-text-color\"><a href=\"https:\/\/www.hatueyproject.org\/es\/who-is-hatuey\/\">Quien es Hatuey?<\/a><\/h2>\n\n\n\n<p><\/p>\n<\/div>\n<\/div>\n\n\n\n<div class=\"wp-block-columns feature-block has-white-color has-text-color has-background is-layout-flex wp-container-core-columns-layout-3 wp-block-columns-is-layout-flex\" style=\"background-color:#2673ff\">\n<div class=\"wp-block-column is-layout-flow wp-block-column-is-layout-flow\"><div class=\"wp-block-image\">\n<figure class=\"aligncenter size-full\"><img loading=\"lazy\" decoding=\"async\" width=\"500\" height=\"500\" src=\"https:\/\/www.hatueyproject.org\/wp-content\/uploads\/2022\/06\/LA-ppl-w-meds-blank-bknd2.png\" alt=\"People delivering medications\" class=\"wp-image-90\" srcset=\"https:\/\/www.hatueyproject.org\/wp-content\/uploads\/2022\/06\/LA-ppl-w-meds-blank-bknd2.png 500w, https:\/\/www.hatueyproject.org\/wp-content\/uploads\/2022\/06\/LA-ppl-w-meds-blank-bknd2-300x300.png 300w, https:\/\/www.hatueyproject.org\/wp-content\/uploads\/2022\/06\/LA-ppl-w-meds-blank-bknd2-150x150.png 150w, https:\/\/www.hatueyproject.org\/wp-content\/uploads\/2022\/06\/LA-ppl-w-meds-blank-bknd2-380x380.png 380w, https:\/\/www.hatueyproject.org\/wp-content\/uploads\/2022\/06\/LA-ppl-w-meds-blank-bknd2-285x285.png 285w\" sizes=\"(max-width: 500px) 100vw, 500px\" \/><\/figure><\/div>\n\n\n<p><strong>En julio, nuestro proyecto entreg\u00f3 vitaminas y medicamentos muy necesarios a 133 hogares en Cuba para mujeres embarazadas que est\u00e1n en riesgo.<\/strong><\/p>\n<\/div>\n\n\n\n<div class=\"wp-block-column is-layout-flow wp-block-column-is-layout-flow\"><div class=\"wp-block-image\">\n<figure class=\"aligncenter size-large\"><img loading=\"lazy\" decoding=\"async\" width=\"1024\" height=\"993\" src=\"https:\/\/www.hatueyproject.org\/wp-content\/uploads\/2022\/09\/MatanzasDonationRound-1024x993.png\" alt=\"\" class=\"wp-image-388\" srcset=\"https:\/\/www.hatueyproject.org\/wp-content\/uploads\/2022\/09\/MatanzasDonationRound-1024x993.png 1024w, https:\/\/www.hatueyproject.org\/wp-content\/uploads\/2022\/09\/MatanzasDonationRound-300x291.png 300w, https:\/\/www.hatueyproject.org\/wp-content\/uploads\/2022\/09\/MatanzasDonationRound-768x745.png 768w, https:\/\/www.hatueyproject.org\/wp-content\/uploads\/2022\/09\/MatanzasDonationRound-1536x1489.png 1536w, https:\/\/www.hatueyproject.org\/wp-content\/uploads\/2022\/09\/MatanzasDonationRound-2048x1986.png 2048w, https:\/\/www.hatueyproject.org\/wp-content\/uploads\/2022\/09\/MatanzasDonationRound-12x12.png 12w\" sizes=\"(max-width: 1024px) 100vw, 1024px\" \/><\/figure><\/div>\n\n\n<p><strong>En agosto entregamos casi $20.000 en insumos m\u00e9dicos para ayudar a los quemados del tr\u00e1gico incendio en el dep\u00f3sito petrolero de Matanzas. <a href=\"http:\/\/www.hatueyproject.org\/es\/latest-news\/\">Haga clic aqu\u00ed<\/a> para leer m\u00e1s.<\/strong><\/p>\n<\/div>\n\n\n\n<div class=\"wp-block-column is-layout-flow wp-block-column-is-layout-flow\"><div class=\"wp-block-image\">\n<figure class=\"aligncenter size-full\"><img loading=\"lazy\" decoding=\"async\" width=\"500\" height=\"500\" src=\"http:\/\/www.hatueyproject.org\/wp-content\/uploads\/2022\/06\/CUBAN-KIDS-AND-MOM.png\" alt=\"Cuban mother and child\" class=\"wp-image-17\" srcset=\"https:\/\/www.hatueyproject.org\/wp-content\/uploads\/2022\/06\/CUBAN-KIDS-AND-MOM.png 500w, https:\/\/www.hatueyproject.org\/wp-content\/uploads\/2022\/06\/CUBAN-KIDS-AND-MOM-300x300.png 300w, https:\/\/www.hatueyproject.org\/wp-content\/uploads\/2022\/06\/CUBAN-KIDS-AND-MOM-150x150.png 150w, https:\/\/www.hatueyproject.org\/wp-content\/uploads\/2022\/06\/CUBAN-KIDS-AND-MOM-380x380.png 380w, https:\/\/www.hatueyproject.org\/wp-content\/uploads\/2022\/06\/CUBAN-KIDS-AND-MOM-285x285.png 285w\" sizes=\"(max-width: 500px) 100vw, 500px\" \/><\/figure><\/div>\n\n\n<p class=\"has-white-color has-text-color\"><strong>El Bloqueo de los Estados Unidos ha creado muchos desaf\u00edos para el pueblo de Cuba.  <a href=\"https:\/\/news.un.org\/en\/story\/2021\/06\/1094612\">Lea<\/a><a href=\"https:\/\/cubavsbloqueo.cu\/en\/node\/57\"> el informe de la ONU<\/a><\/strong><\/p>\n<\/div>\n<\/div>\n\n\n\n<hr class=\"wp-block-separator has-alpha-channel-opacity is-style-wide\"\/>\n\n\n\n<h2 class=\"wp-block-heading has-text-align-center has-vivid-red-color has-text-color\" style=\"text-transform:capitalize\">\u00bfQuieres ayudar al Proyecto Hatuey? Descargue y distribuya nuestro folleto.<\/h2>\n\n\n\n<div data-wp-interactive=\"\" class=\"wp-block-file\"><object data-wp-bind--hidden=\"!selectors.core.file.hasPdfPreview\" hidden class=\"wp-block-file__embed\" data=\"https:\/\/www.hatueyproject.org\/wp-content\/uploads\/2026\/02\/2026-Hatuey-Brochure-EN.pdf\" type=\"application\/pdf\" style=\"width:100%;height:600px\" aria-label=\"PDF incrustado\"><\/object><\/div>\n\n\n\n<div class=\"wp-block-buttons is-content-justification-center is-layout-flex wp-container-core-buttons-layout-3 wp-block-buttons-is-layout-flex\">\n<div class=\"wp-block-button\"><a class=\"wp-block-button__link has-text-align-center wp-element-button\" href=\"https:\/\/www.hatueyproject.org\/wp-content\/uploads\/2026\/02\/2026-Hatuey-Brochure-EN.pdf\">Download ENGLISH VERSION<\/a><\/div>\n\n\n\n<div class=\"wp-block-button\"><a class=\"wp-block-button__link wp-element-button\" href=\"https:\/\/www.hatueyproject.org\/wp-content\/uploads\/2026\/02\/2026-Hatuey-Brochure-ES.pdf\">DOWNLOAD SPANISH VERSION<\/a><\/div>\n<\/div>\n\n\n\n<h2 class=\"wp-block-heading\"><\/h2>","protected":false},"excerpt":{"rendered":"<p>Somos proveedores de salud y activistas por la justicia social preocupados por los efectos nocivos del bloqueo econ\u00f3mico de Estados Unidos a Cuba. Hemos inaugurado este proyecto de ayuda m\u00e9dica para solidarizarnos con el pueblo cubano, con la adquisici\u00f3n de medicamentos vitales y equipo m\u00e9dico.<\/p>","protected":false},"author":1,"featured_media":276,"parent":0,"menu_order":0,"comment_status":"closed","ping_status":"closed","template":"","meta":{"_EventAllDay":false,"_EventTimezone":"","_EventStartDate":"","_EventEndDate":"","_EventStartDateUTC":"","_EventEndDateUTC":"","_EventShowMap":false,"_EventShowMapLink":false,"_EventURL":"","_EventCost":"","_EventCostDescription":"","_EventCurrencySymbol":"","_EventCurrencyCode":"","_EventCurrencyPosition":"","_EventDateTimeSeparator":"","_EventTimeRangeSeparator":"","_EventOrganizerID":[],"_EventVenueID":[],"_OrganizerEmail":"","_OrganizerPhone":"","_OrganizerWebsite":"","_VenueAddress":"","_VenueCity":"","_VenueCountry":"","_VenueProvince":"","_VenueState":"","_VenueZip":"","_VenuePhone":"","_VenueURL":"","_VenueStateProvince":"","_VenueLat":"","_VenueLng":"","_VenueShowMap":false,"_VenueShowMapLink":false,"_kad_post_transparent":"","_kad_post_title":"","_kad_post_layout":"","_kad_post_sidebar_id":"","_kad_post_content_style":"","_kad_post_vertical_padding":"","_kad_post_feature":"","_kad_post_feature_position":"","_kad_post_header":false,"_kad_post_footer":false,"footnotes":""},"_links":{"self":[{"href":"https:\/\/www.hatueyproject.org\/es\/wp-json\/wp\/v2\/pages\/8"}],"collection":[{"href":"https:\/\/www.hatueyproject.org\/es\/wp-json\/wp\/v2\/pages"}],"about":[{"href":"https:\/\/www.hatueyproject.org\/es\/wp-json\/wp\/v2\/types\/page"}],"author":[{"embeddable":true,"href":"https:\/\/www.hatueyproject.org\/es\/wp-json\/wp\/v2\/users\/1"}],"replies":[{"embeddable":true,"href":"https:\/\/www.hatueyproject.org\/es\/wp-json\/wp\/v2\/comments?post=8"}],"version-history":[{"count":156,"href":"https:\/\/www.hatueyproject.org\/es\/wp-json\/wp\/v2\/pages\/8\/revisions"}],"predecessor-version":[{"id":1171,"href":"https:\/\/www.hatueyproject.org\/es\/wp-json\/wp\/v2\/pages\/8\/revisions\/1171"}],"wp:featuredmedia":[{"embeddable":true,"href":"https:\/\/www.hatueyproject.org\/es\/wp-json\/wp\/v2\/media\/276"}],"wp:attachment":[{"href":"https:\/\/www.hatueyproject.org\/es\/wp-json\/wp\/v2\/media?parent=8"}],"curies":[{"name":"wp","href":"https:\/\/api.w.org\/{rel}","templated":true}]}}